{"id":53,"date":"2015-11-19T20:08:31","date_gmt":"2015-11-19T19:08:31","guid":{"rendered":"https:\/\/gbfold.artesmedia.ch\/?page_id=53"},"modified":"2025-11-12T20:55:19","modified_gmt":"2025-11-12T19:55:19","slug":"ausbildung","status":"publish","type":"page","link":"https:\/\/gbfold.artesmedia.ch\/?page_id=53","title":{"rendered":"Ausbildung"},"content":{"rendered":"<h3><strong>Willkommen bei der Nachwuchsf\u00f6rderung des B\u00fcndner Bergf\u00fchrer Verbands<\/strong><\/h3>\n<p>Hast du dir \u00fcberlegt, ob der Bergf\u00fchrerberuf vielleicht was f\u00fcr dich sein k\u00f6nnte? W\u00fcrdest du gerne mehr \u00fcber diesen vielseitigen Beruf erfahren?\u00a0 Oder hast du schon mit der Ausbildung begonnen und m\u00f6chtest dein Training unterst\u00fctzen?<br \/>\nDann w\u00e4re das Programm der Nachwuchsf\u00f6rderung des BBV genau das richtige f\u00fcr dich.<br \/>\nDieses Programm wird durch erfahrene Bergf\u00fchrer geleitet. Dadurch kannst du viel \u00fcber den Beruf, die Ausbildung und so einige Tricks erfahren.<\/p>\n<p>Die Kurse finden jeweils im Kanton Graub\u00fcnden statt.<\/p>\n<h4><strong>Anforderungen<\/strong><\/h4>\n<p>Du bist mindestens 18 Jahre alt, bringst Vorkenntnisse und erste Erfahrungen in der jeweiligen Disziplin mit.<\/p>\n<h4><strong>Anmeldung<\/strong><\/h4>\n<p>\u00dcber das Anmeldeformular kannst du dich direkt f\u00fcr den jeweiligen Kurs anmelden.<br \/>\nDu erh\u00e4ltst daraufhin einen Zahlungslink f\u00fcr eine No-Show-Geb\u00fchr von CHF 20.-<br \/>\nNach Bezahlung dieser Geb\u00fchr ist deine Anmeldung definitiv.<\/p>\n<h4><strong>Kosten<\/strong><\/h4>\n<p>Anmeldegeb\u00fchr pro Kurs: CHF 20.- (siehe oben, wird im Voraus bezahlt und nicht am Kursgeld angerechnet)<\/p>\n<p><em>Pro Kurstag:<\/em><br \/>\nF\u00fcr im Kanton Graub\u00fcnden wohnhafte Teilnehmer CHF 40.- pro Tag<br \/>\nF\u00fcr Teilnehmer, die ausserhalb des Kanton Graub\u00fcnden wohnhaft sind CHF 60.- pro Tag<\/p>\n<h4><strong>Versicherung<\/strong><\/h4>\n<p>Versicherung ist Sache der Teilnehmer<\/p>\n<h4><strong>Fragen?<\/strong><\/h4>\n<p>Hast du spezifische Fragen zum Angebot der BBV-Nachwuchsf\u00f6rderung?<br \/>\nDann schreib doch eine Nachricht per Mail an Marcel Schenk,\u00a0<a href=\"mailto:maese@govertical.ch\">maese@govertical.ch<\/a><\/p>\n<h4><strong>Programm &amp; Anmeldung<\/strong><\/h4>\n<ul>\n<li><a href=\"https:\/\/gbfold.artesmedia.ch\/ausbildung\/bbv-nachwuchsforderung-skitechnik\/\">Skitechnik am 28. November 2025<\/a><\/li>\n<li><a href=\"https:\/\/gbfold.artesmedia.ch\/ausbildung\/bbv-nachwuchsforderung-steileisklettern\/\">Eisklettern am 30. Januar 2026<\/a><\/li>\n<li><a href=\"https:\/\/gbfold.artesmedia.ch\/ausbildung\/bbv-nachwuchsforderung-skihochtour\/\">Skihochtouren am 25.\/26. M\u00e4rz 2026<\/a><\/li>\n<li><a href=\"https:\/\/gbfold.artesmedia.ch\/ausbildung\/bbv-nachwuchsforderung-sportklettern\/\">Sportklettern 4. Mai 2026<\/a><\/li>\n<li><a href=\"https:\/\/gbfold.artesmedia.ch\/ausbildung\/bbv-nachwuchsforderung-eisausbildung-hochtour\/\">Sommer Hochtouren 19.\/20. Juni 2026<\/a><\/li>\n<\/ul>\n<h3><strong>Ausbildungsangebote des SBV<\/strong><\/h3>\n<p>Der Schweizer Bergf\u00fchrerverband bietet verschiedene Ausbildungen an. Informationen dazu sind im <a href=\"http:\/\/4000plus.ch\/fileadmin\/user_upload\/Ausbildung\/Ausbildungen_SBV.pdf\" target=\"_blank\" rel=\"noopener\">Faltblatt &#8220;F\u00fchren und Sichern in den Bergen &#8211; Berufsprofile, Ausbildungen, Kompetenzen&#8221;<\/a> zusammengefasst.<br \/>\nAlle weiteren Informationen, Daten, Anmeldung &amp; Downloads findest du auf den entsprechenden Seiten beim SBV:<\/p>\n<p class=\"bodytext\"><a href=\"http:\/\/4000plus.ch\/index.php?id=155&amp;L=2%25252Findex.php%25253F....n.de%25252Ftemplates%25252F37.jpg%25252Fphpbb%25252Fpage_tail.php%25253FincludePath%25253D\" target=\"_blank\" rel=\"noopener\">SBV Ausbildung Bergf\u00fchrer<br \/>\n<\/a><a href=\"http:\/\/4000plus.ch\/index.php?id=236&amp;L=2%25252Findex.php%25253F....n.de%25252Ftemplates%25252F37.jpg%25252Fphpbb%25252Fpage_tail.php%25253FincludePath%25253D\" target=\"_blank\" rel=\"noopener\">SBV Ausbildung Wanderleiter<\/a><br \/>\n<a href=\"http:\/\/4000plus.ch\/index.php?id=238&amp;L=2%25252Findex.php%25253F....n.de%25252Ftemplates%25252F37.jpg%25252Fphpbb%25252Fpage_tail.php%25253FincludePath%25253D\" target=\"_blank\" rel=\"noopener\">SBV Ausbildung Kletterlehrer<\/a><br \/>\n<a href=\"http:\/\/4000plus.ch\/index.php?id=243&amp;L=2%25252Findex.php%25253F....n.de%25252Ftemplates%25252F37.jpg%25252Fphpbb%25252Fpage_tail.php%25253FincludePath%25253D\" target=\"_blank\" rel=\"noopener\">SBV Ausbildung Arbeiten am h\u00e4ngenden Seil<\/a><\/p>\n","protected":false},"excerpt":{"rendered":"<p>Willkommen bei der Nachwuchsf\u00f6rderung des B\u00fcndner Bergf\u00fchrer Verbands Hast du dir \u00fcberlegt, ob der Bergf\u00fchrerberuf vielleicht was f\u00fcr dich sein k\u00f6nnte? W\u00fcrdest du gerne mehr \u00fcber diesen vielseitigen Beruf erfahren?\u00a0 Oder hast du schon mit der Ausbildung begonnen und m\u00f6chtest dein Training unterst\u00fctzen? Dann w\u00e4re das Programm der Nachwuchsf\u00f6rderung des BBV genau das richtige f\u00fcr [&hellip;]<\/p>\n","protected":false},"author":1,"featured_media":0,"parent":0,"menu_order":0,"comment_status":"closed","ping_status":"closed","template":"","meta":{"footnotes":""},"class_list":["post-53","page","type-page","status-publish","hentry"],"_links":{"self":[{"href":"https:\/\/gbfold.artesmedia.ch\/index.php?rest_route=\/wp\/v2\/pages\/53","targetHints":{"allow":["GET"]}}],"collection":[{"href":"https:\/\/gbfold.artesmedia.ch\/index.php?rest_route=\/wp\/v2\/pages"}],"about":[{"href":"https:\/\/gbfold.artesmedia.ch\/index.php?rest_route=\/wp\/v2\/types\/page"}],"author":[{"embeddable":true,"href":"https:\/\/gbfold.artesmedia.ch\/index.php?rest_route=\/wp\/v2\/users\/1"}],"replies":[{"embeddable":true,"href":"https:\/\/gbfold.artesmedia.ch\/index.php?rest_route=%2Fwp%2Fv2%2Fcomments&post=53"}],"version-history":[{"count":65,"href":"https:\/\/gbfold.artesmedia.ch\/index.php?rest_route=\/wp\/v2\/pages\/53\/revisions"}],"predecessor-version":[{"id":627,"href":"https:\/\/gbfold.artesmedia.ch\/index.php?rest_route=\/wp\/v2\/pages\/53\/revisions\/627"}],"wp:attachment":[{"href":"https:\/\/gbfold.artesmedia.ch\/index.php?rest_route=%2Fwp%2Fv2%2Fmedia&parent=53"}],"curies":[{"name":"wp","href":"https:\/\/api.w.org\/{rel}","templated":true}]}}