{"id":43,"date":"2015-11-19T17:26:46","date_gmt":"2015-11-19T16:26:46","guid":{"rendered":"https:\/\/gbfold.artesmedia.ch\/?page_id=43"},"modified":"2015-11-19T20:57:47","modified_gmt":"2015-11-19T19:57:47","slug":"statuten","status":"publish","type":"page","link":"https:\/\/gbfold.artesmedia.ch\/?page_id=43","title":{"rendered":"Statuten"},"content":{"rendered":"<h3>Statuten des B\u00fcndner Bergf\u00fchrerverbands BBV<\/h3>\n<h4>I. Allgemeine Bestimmungen<\/h4>\n<h5>Art. 1 Name und Sitz<\/h5>\n<p>Unter dem Namen B\u00fcndner Bergf\u00fchrerverband (BBV) besteht als Verein nach Art. 60 ff. ZGB eine Berufsgemeinschaft der Bergf\u00fchrer mit Eidgen\u00f6ssischem Fachausweis oder gleichwertigem von der IVBV anerkannten Ausweis.<\/p>\n<p>Sitz des Vereins ist am jeweiligen Wohnsitz des Pr\u00e4sidenten des BBV.<\/p>\n<h5>Art. 2 Gleichstellung der Geschlechter<\/h5>\n<p>Personen-, Funktions- und Berufsbezeichnungen beziehen sich auf beide Geschlechter, soweit sich aus dem Sinn nicht etwas anderes ergibt.<\/p>\n<h5>Art. 3 Zweck<\/h5>\n<p>Der BBV wahrt die Berufsinteressen seiner Mitglieder:<br \/>\na) durch Gew\u00e4hrleistung einer gr\u00fcndlichen Berufsausbildung.<br \/>\nb) im Verkehr mit Beh\u00f6rden und Partnerorganisationen.<br \/>\nc) bei der Tarifgestaltung, im Versicherungswesen und im alpinen Rettungswesen.<br \/>\nDer BBV f\u00f6rdert die Pflege der Kameradschaft unter den Bergf\u00fchrern und unterst\u00fctzt in Not geratene Berufskollegen.<br \/>\nDer BBV setzt sich f\u00fcr eine schonende Nutzung der Natur ein und kann auf dieser Ebene mit den entsprechenden Organisationen zusammenarbeiten.<\/p>\n<h4>II. Mitgliedschaft und Sektionen<\/h4>\n<h5>Art. 4 Mitglieder<\/h5>\n<p>Mitglieder des BBV sind die Mitglieder der anerkannten Sektionen.<\/p>\n<h5>Art. 5 Ehrenmitglieder<\/h5>\n<p>Auf Antrag des Kantonalvorstandes oder einer Sektion kann die DV auch Ehrenmitglieder ernennen. Rechte und Pflichten der Ehrenmitglieder regelt die DV.<\/p>\n<h5>Art. 6 Patronatsmitglieder<\/h5>\n<p>Der BBV kann Sponsoren (Einzelpersonen, Firmen oder Organisationen) als Patronatsmitglieder, das heisst, als G\u00f6nner ohne Mitgliedschaftsrechte aufnehmen. \u00dcber Aufnahme und Austritt der Patronatsmitglieder entscheidet die DV.<\/p>\n<h5>Art. 7 Sektionen<\/h5>\n<p>Der BBV gliedert sich in Sektionen. Bei der Neugr\u00fcndung einer Sektion m\u00fcssen mindestens 15 Aktivmitglieder beteiligt sein.<br \/>\nDie Sektion organisiert sich im Rahmen der Zentralstatuten und Reglemente und sonstiger Ausf\u00fchrungserlasse als selbst\u00e4ndiger Verein.<br \/>\n\u00dcber die Aufnahme von Sektionen entscheidet die DV.<\/p>\n<p>Der Jahresbeitrag wird von der DV festgesetzt und per 1. Januar von den Sektionen an die Verbandskasse einbezahlt.<\/p>\n<h4>III. Die Verbandsorganisation<\/h4>\n<h5>Art. 8 Organe<\/h5>\n<p>Die Organe des BBV sind:<br \/>\na) die Delegiertenversammlung<br \/>\nb) die Pr\u00e4sidentenkonferenz (PK)<br \/>\nc) der BBV Vorstand<br \/>\nd) die Rechnungsrevisoren<\/p>\n<p><span style=\"text-decoration: underline;\">a) die Delegiertenversammlung<\/span><\/p>\n<h5>Art. 9 Delegiertenversammlung<\/h5>\n<p>Die DV findet j\u00e4hrlich am ersten Samstag im November statt.<br \/>\nJede Sektion hat unabh\u00e4ngig von der Zahl ihrer Mitglieder Anspruch auf 2 Delegiertenstimmen.<br \/>\nAuf je 10 Mitglieder oder f\u00fcnf \u00fcbersteigende Restzahl von Mitgliedern entf\u00e4llt eine weitere Delegiertenstimme.<\/p>\n<h5>Art. 10 Beschlussf\u00e4higkeit<\/h5>\n<p>Die ordentliche DV ist immer beschlussf\u00e4hig.<\/p>\n<h5>Art. 11 Einberufung, Antr\u00e4ge und Traktanden<\/h5>\n<p>Die DV muss mindestens einen Monat im voraus unter Bekanntgabe der Traktanden und Antr\u00e4ge einberufen werden.<br \/>\nAntr\u00e4ge an die DV m\u00fcssen mindestens sechs Wochen vor der DV schriftlich eingereicht werden. Der Vorstand orientiert die Sektionen \u00fcber die eingegangenen Antr\u00e4ge gleichzeitig mit der Einladung zur DV.<br \/>\nDie DV kann nur die auf der Tagesordnung verzeichneten Gesch\u00e4fte sowie die an der Versammlung gestellten Antr\u00e4ge, die damit unmittelbar zusammenh\u00e4ngen, behandeln. Auf Traktanden, die nicht auf der Tagesordnung stehen, ist indessen einzutreten, wenn es die DV mit einer Zweidrittelsmehrheit beschliesst; davon ausgenommen sind Beschl\u00fcsse \u00fcber eine Statutenrevision und die Aufl\u00f6sung des BBV.<\/p>\n<h5>Art. 12 Befugnisse der Delegiertenversammlung<\/h5>\n<p>Der DV stehen folgende Befugnisse zu:<br \/>\na) Genehmigung des Protokolls der letzten Versammlung<br \/>\nb) Genehmigung des Jahresberichts des Pr\u00e4sidenten<br \/>\nc) Genehmigung der Jahresrechnung<br \/>\nd) Genehmigung des Revisorenberichts<br \/>\ne) Wahl des Pr\u00e4sidenten<br \/>\nf) Wahl der Rechnungsrevisoren<br \/>\ng) Festsetzung des Jahresbeitrages<br \/>\nh) Antr\u00e4ge<br \/>\ni) Varia<br \/>\nj) Bestimmung des Ortes der n\u00e4chsten DV<\/p>\n<p>F\u00fcr alle \u00fcbrigen nicht in die Kompetenz der Pr\u00e4sidentenkonferenz oder des Vorstandes fallende Angelegenheiten ist ebenfalls die DV zust\u00e4ndig.<\/p>\n<h5>Art. 13 Gesch\u00e4ftsjahr<\/h5>\n<p>Das Gesch\u00e4ftsjahr beginnt am 1. November und endet am 31. Oktober.<\/p>\n<p><span style=\"text-decoration: underline;\">b) Die Pr\u00e4sidentenkonferenz<\/span><\/p>\n<h5>Art. 14 Zusammensetzung<\/h5>\n<p>Die Pr\u00e4sidentenkonferenz setzt sich aus den Pr\u00e4sidenten der Sektionen des BBV zusammen.<br \/>\nDie ordentliche Pr\u00e4sidentenkonferenz findet im Fr\u00fchjahr statt, anschliessend an die PK des SBV.<\/p>\n<h5>Art. 15 Aufgaben<\/h5>\n<p>Die Aufgaben der PK sind die Vorbereitung der Gesch\u00e4fte f\u00fcr die DV im Herbst und das Behandeln von Antr\u00e4gen.<\/p>\n<p><span style=\"text-decoration: underline;\">c) Der Vorstand<\/span><\/p>\n<h5>Art. 16 Zusammensetzung, Amtsdauer<\/h5>\n<p>Der Vorstand setzt sich zusammen aus:<br \/>\na) Pr\u00e4sident<br \/>\nb) Kassier<br \/>\nc) Aktuar<br \/>\nd) Allf\u00e4llige Beisitzer<\/p>\n<p>Der Vorstand wechselt alle drei Jahre. Nach M\u00f6glichkeit sind alle Sektionen turnusgem\u00e4ss zu ber\u00fccksichtigen.<br \/>\nDie Sektion, welche nach einer beendeten Amtsperiode den neuen Vorstand stellen muss, ist im Vorjahr der Wahl anl\u00e4sslich der DV zu bestimmen. An dieser DV wird auch der neue Pr\u00e4sident gew\u00e4hlt.<br \/>\nDer Pr\u00e4sident der folgenden Amtsperiode nimmt an den Gesch\u00e4ften, ein Jahr vor Amtsantritt, mit beratender Stimme teil.<br \/>\nDer Aktuar und der Kassier werden von der Sektion des Pr\u00e4sidenten gestellt und an der DV bekannt gegeben.<\/p>\n<h5>Art. 17 Aufgaben<\/h5>\n<p>Dem Vorstand obliegen:<br \/>\na) die Gesch\u00e4ftsf\u00fchrung des Verbandes<br \/>\nb) die Erstellung der Jahresrechnung<br \/>\nc) die Verwaltung des Verbandsverm\u00f6gens<br \/>\nd) der Vollzug der DV-Beschl\u00fcsse<br \/>\nIm Weiteren stehen dem Vorstand all jene Kompetenzen zu, die ihm von der DV einger\u00e4umt werden.<\/p>\n<h5>Art. 18 Spesenentsch\u00e4digung<\/h5>\n<p>Die Mitglieder des Vorstandes werden f\u00fcr ihre Bem\u00fchungen laut Spesenreglement entsch\u00e4digt.<br \/>\nDie DV genehmigt das Spesenreglement.<\/p>\n<h5>Art. 19 Der Kassier<\/h5>\n<p>Der Kassier ist verantwortlich f\u00fcr das Inkasso aller Beitr\u00e4ge und f\u00fcr das Einhalten des Budgets.<\/p>\n<p><span style=\"text-decoration: underline;\">d) Die Rechnungsrevisoren<\/span><\/p>\n<h5>Art. 20 Wahl, Amtsdauer<\/h5>\n<p>Die DV w\u00e4hlt zwei Mitglieder zu Rechnungsrevisoren f\u00fcr die Amtsdauer von drei Jahren.<\/p>\n<h5>Art. 21 Aufgaben<\/h5>\n<p>Die Rechnungsrevisoren haben die gesamte Jahresrechnung im Detail allj\u00e4hrlich zu pr\u00fcfen und der DV Bericht zu erstatten.<br \/>\nDen Rechnungsrevisoren muss die Rechnung eine Woche vor der DV zur Verf\u00fcgung stehen.<\/p>\n<h4>IV. Finanzen<\/h4>\n<h5>Art. 22 Finanzielle Mittel<\/h5>\n<p>Die Einnahmen des BBV bestehen aus:<br \/>\na) Mitgliederbeitr\u00e4gen<br \/>\nb) Andere ordentliche Einnahmen<br \/>\nc) Schenkungen<br \/>\nF\u00fcr die Verbindlichkeiten des BBV haftet einzig das Vereinsverm\u00f6gen.<\/p>\n<h4>V. Schlussbestimmungen<\/h4>\n<h5>Art. 23 Revision<\/h5>\n<p>Die Statutenrevision kann nur an einer ordentlichen DV mit mehrfachem Mehr beschlossen werden.<\/p>\n<h5>Art. 24 Statuten des SBV<\/h5>\n<p>Die Statuten des BBV st\u00fctzen sich auf die Statuten des Schweizer Bergf\u00fchrerverbandes vom 1. Januar 2000.<\/p>\n<h5>Art. 25 Aufl\u00f6sung<\/h5>\n<p>Eine Aufl\u00f6sung des BBV kann nur mit einer Zweidrittelsmehrheit der anwesenden Delegiertenstimmen beschlossen werden. Die letzte DV beschliesst \u00fcber die Verwendung des Verm\u00f6gens.<\/p>\n<h5>Art. 26 Inkrafttreten<\/h5>\n<p>Die vorliegenden Statuten wurden von der DV in Davos vom 4. November 2000 genehmigt.<br \/>\nSie ersetzen die seit dem 2. Januar 1979 g\u00fcltigen Statuten und treten am 1. Januar 2001 in Kraft.<\/p>\n","protected":false},"excerpt":{"rendered":"<p>Statuten des B\u00fcndner Bergf\u00fchrerverbands BBV I. Allgemeine Bestimmungen Art. 1 Name und Sitz Unter dem Namen B\u00fcndner Bergf\u00fchrerverband (BBV) besteht als Verein nach Art. 60 ff. ZGB eine Berufsgemeinschaft der Bergf\u00fchrer mit Eidgen\u00f6ssischem Fachausweis oder gleichwertigem von der IVBV anerkannten Ausweis. Sitz des Vereins ist am jeweiligen Wohnsitz des Pr\u00e4sidenten des BBV. Art. 2 Gleichstellung [&hellip;]<\/p>\n","protected":false},"author":1,"featured_media":0,"parent":0,"menu_order":0,"comment_status":"closed","ping_status":"closed","template":"","meta":{"footnotes":""},"class_list":["post-43","page","type-page","status-publish","hentry"],"_links":{"self":[{"href":"https:\/\/gbfold.artesmedia.ch\/index.php?rest_route=\/wp\/v2\/pages\/43","targetHints":{"allow":["GET"]}}],"collection":[{"href":"https:\/\/gbfold.artesmedia.ch\/index.php?rest_route=\/wp\/v2\/pages"}],"about":[{"href":"https:\/\/gbfold.artesmedia.ch\/index.php?rest_route=\/wp\/v2\/types\/page"}],"author":[{"embeddable":true,"href":"https:\/\/gbfold.artesmedia.ch\/index.php?rest_route=\/wp\/v2\/users\/1"}],"replies":[{"embeddable":true,"href":"https:\/\/gbfold.artesmedia.ch\/index.php?rest_route=%2Fwp%2Fv2%2Fcomments&post=43"}],"version-history":[{"count":4,"href":"https:\/\/gbfold.artesmedia.ch\/index.php?rest_route=\/wp\/v2\/pages\/43\/revisions"}],"predecessor-version":[{"id":65,"href":"https:\/\/gbfold.artesmedia.ch\/index.php?rest_route=\/wp\/v2\/pages\/43\/revisions\/65"}],"wp:attachment":[{"href":"https:\/\/gbfold.artesmedia.ch\/index.php?rest_route=%2Fwp%2Fv2%2Fmedia&parent=43"}],"curies":[{"name":"wp","href":"https:\/\/api.w.org\/{rel}","templated":true}]}}