{"id":40,"date":"2015-11-19T17:26:11","date_gmt":"2015-11-19T16:26:11","guid":{"rendered":"https:\/\/gbfold.artesmedia.ch\/?page_id=40"},"modified":"2015-11-19T20:38:47","modified_gmt":"2015-11-19T19:38:47","slug":"leitbild","status":"publish","type":"page","link":"https:\/\/gbfold.artesmedia.ch\/?page_id=40","title":{"rendered":"Leitbild"},"content":{"rendered":"<p><em>(Auszug Schweizer Bergf\u00fchrerverband)<\/em><\/p>\n<h3><strong>Qualifiziertes F\u00fchren<\/strong><\/h3>\n<p>Der klassische Sommer- und Winteralpinismus steht im Zentrum der T\u00e4tigkeit der Schweizer Bergf\u00fchrer und Bergf\u00fchrerinnen. Sie betreiben aber auch Trekking, Expeditionen, H\u00f6henbergsteigen, Sportklettern, Canyoning, Schneeschuhlaufen, Eisfallklettern und andere Spezialit\u00e4ten. Der SBV als landesweite Organisation der Bergf\u00fchrer ist offen f\u00fcr solche Neuerungen. Er tritt f\u00fcr eine gr\u00fcndliche Berufsausbildung mit einem zeitgem\u00e4ssen Lehrangebot ein, das den menschlichen, technischen und fachlichen Anspr\u00fcchen an die Bergf\u00fchrer gerecht wird.<\/p>\n<p>Hohe Priorit\u00e4t hat f\u00fcr den Verband die Unfallverh\u00fctung. Seine Mitglieder geben bereitwillig Ausk\u00fcnfte \u00fcber Routenverh\u00e4ltnisse und Material, die Rettung von in Bergnot geratenen Menschen ist f\u00fcr sie ein ethisches Gebot.<\/p>\n<p>Der SBV setzt sich gleichzeitig f\u00fcr die Erhaltung der Natur und f\u00fcr die Wahrung der Berufsinteressen seiner Mitglieder ein. Er fordert einen konkurrenzf\u00e4higen Tourismus, der seine nat\u00fcrlichen Grundlagen nicht zerst\u00f6rt.<\/p>\n<p>Der Verband bef\u00fcrwortet den freien Markt. Im Interesse der Sicherheit f\u00fcr die G\u00e4ste verlangt er aber von allen Anbietern einen hohen Ausbildungsstandard. Konkurrenten, die ohne entsprechenden Nachweis f\u00fchren, bek\u00e4mpft er, denn sie gef\u00e4hrden den Ruf des Berufsstandes.<\/p>\n<p>Mit den anderen Bergverb\u00e4nden pflegt er partnerschaftliche Beziehungen. Verbandssprachen sind deutsch und franz\u00f6sisch.<\/p>\n","protected":false},"excerpt":{"rendered":"<p>(Auszug Schweizer Bergf\u00fchrerverband) Qualifiziertes F\u00fchren Der klassische Sommer- und Winteralpinismus steht im Zentrum der T\u00e4tigkeit der Schweizer Bergf\u00fchrer und Bergf\u00fchrerinnen. Sie betreiben aber auch Trekking, Expeditionen, H\u00f6henbergsteigen, Sportklettern, Canyoning, Schneeschuhlaufen, Eisfallklettern und andere Spezialit\u00e4ten. Der SBV als landesweite Organisation der Bergf\u00fchrer ist offen f\u00fcr solche Neuerungen. Er tritt f\u00fcr eine gr\u00fcndliche Berufsausbildung mit einem zeitgem\u00e4ssen [&hellip;]<\/p>\n","protected":false},"author":1,"featured_media":0,"parent":0,"menu_order":0,"comment_status":"closed","ping_status":"closed","template":"","meta":{"footnotes":""},"class_list":["post-40","page","type-page","status-publish","hentry"],"_links":{"self":[{"href":"https:\/\/gbfold.artesmedia.ch\/index.php?rest_route=\/wp\/v2\/pages\/40","targetHints":{"allow":["GET"]}}],"collection":[{"href":"https:\/\/gbfold.artesmedia.ch\/index.php?rest_route=\/wp\/v2\/pages"}],"about":[{"href":"https:\/\/gbfold.artesmedia.ch\/index.php?rest_route=\/wp\/v2\/types\/page"}],"author":[{"embeddable":true,"href":"https:\/\/gbfold.artesmedia.ch\/index.php?rest_route=\/wp\/v2\/users\/1"}],"replies":[{"embeddable":true,"href":"https:\/\/gbfold.artesmedia.ch\/index.php?rest_route=%2Fwp%2Fv2%2Fcomments&post=40"}],"version-history":[{"count":5,"href":"https:\/\/gbfold.artesmedia.ch\/index.php?rest_route=\/wp\/v2\/pages\/40\/revisions"}],"predecessor-version":[{"id":60,"href":"https:\/\/gbfold.artesmedia.ch\/index.php?rest_route=\/wp\/v2\/pages\/40\/revisions\/60"}],"wp:attachment":[{"href":"https:\/\/gbfold.artesmedia.ch\/index.php?rest_route=%2Fwp%2Fv2%2Fmedia&parent=40"}],"curies":[{"name":"wp","href":"https:\/\/api.w.org\/{rel}","templated":true}]}}