{"id":21,"date":"2015-11-19T15:20:37","date_gmt":"2015-11-19T14:20:37","guid":{"rendered":"https:\/\/gbfold.artesmedia.ch\/?page_id=21"},"modified":"2024-11-20T12:05:09","modified_gmt":"2024-11-20T11:05:09","slug":"tarife-avb","status":"publish","type":"page","link":"https:\/\/gbfold.artesmedia.ch\/?page_id=21","title":{"rendered":"Tarife \/ AVB"},"content":{"rendered":"<p>Die Tarife f\u00fcr Bergf\u00fchrer, Wanderleiter &amp; Kletterlehrer und die Allgemeinen Vertragsbedingungen findest du beim Schweizer Bergf\u00fchrerverband:<\/p>\n<p><a href=\"https:\/\/sbv-asgm.ch\/tarife-avb\/\" target=\"_blank\" rel=\"noopener\">Tarife &amp; AVB &#8211; Schweizer Bergf\u00fchrerverband<\/a><\/p>\n","protected":false},"excerpt":{"rendered":"<p>Die Tarife f\u00fcr Bergf\u00fchrer, Wanderleiter &amp; Kletterlehrer und die Allgemeinen Vertragsbedingungen findest du beim Schweizer Bergf\u00fchrerverband: Tarife &amp; AVB &#8211; Schweizer Bergf\u00fchrerverband<\/p>\n","protected":false},"author":1,"featured_media":0,"parent":0,"menu_order":0,"comment_status":"closed","ping_status":"closed","template":"","meta":{"footnotes":""},"class_list":["post-21","page","type-page","status-publish","hentry"],"_links":{"self":[{"href":"https:\/\/gbfold.artesmedia.ch\/index.php?rest_route=\/wp\/v2\/pages\/21","targetHints":{"allow":["GET"]}}],"collection":[{"href":"https:\/\/gbfold.artesmedia.ch\/index.php?rest_route=\/wp\/v2\/pages"}],"about":[{"href":"https:\/\/gbfold.artesmedia.ch\/index.php?rest_route=\/wp\/v2\/types\/page"}],"author":[{"embeddable":true,"href":"https:\/\/gbfold.artesmedia.ch\/index.php?rest_route=\/wp\/v2\/users\/1"}],"replies":[{"embeddable":true,"href":"https:\/\/gbfold.artesmedia.ch\/index.php?rest_route=%2Fwp%2Fv2%2Fcomments&post=21"}],"version-history":[{"count":9,"href":"https:\/\/gbfold.artesmedia.ch\/index.php?rest_route=\/wp\/v2\/pages\/21\/revisions"}],"predecessor-version":[{"id":582,"href":"https:\/\/gbfold.artesmedia.ch\/index.php?rest_route=\/wp\/v2\/pages\/21\/revisions\/582"}],"wp:attachment":[{"href":"https:\/\/gbfold.artesmedia.ch\/index.php?rest_route=%2Fwp%2Fv2%2Fmedia&parent=21"}],"curies":[{"name":"wp","href":"https:\/\/api.w.org\/{rel}","templated":true}]}}