{"id":17,"date":"2015-11-19T14:59:28","date_gmt":"2015-11-19T13:59:28","guid":{"rendered":"https:\/\/gbfold.artesmedia.ch\/?page_id=17"},"modified":"2016-01-19T10:49:03","modified_gmt":"2016-01-19T09:49:03","slug":"links","status":"publish","type":"page","link":"https:\/\/gbfold.artesmedia.ch\/?page_id=17","title":{"rendered":"Links"},"content":{"rendered":"<p><strong>Bergf\u00fchrerverb\u00e4nde<\/strong><\/p>\n<ul>\n<li><a href=\"http:\/\/www.4000plus.ch\" target=\"_blank\">SBV Schweizer Bergf\u00fchrerverband<\/a><\/li>\n<li><a href=\"http:\/\/www.bernerbergf\u00fchrer.ch\" target=\"_blank\">BBV Berner Bergf\u00fchrerverband<\/a><\/li>\n<li><a href=\"http:\/\/www.4000plus-vs.ch\" target=\"_blank\">WBV Walliser Bergf\u00fchrerverband<\/a><\/li>\n<li><a href=\"http:\/\/www.ivbv.info\/\" target=\"_blank\">IVBV Internationale Vereinigung der Bergf\u00fchrerverb\u00e4nde<\/a><\/li>\n<\/ul>\n<p><strong>Bergsteigervereine<\/strong><\/p>\n<ul>\n<li><a href=\"http:\/\/www.sac-cas.ch\" target=\"_blank\">Schweizer Alpen-Club SAC<\/a><\/li>\n<li><a href=\"http:\/\/www.alpenverein.de\" target=\"_blank\">Deutscher Alpenverein DAV<\/a><\/li>\n<li><a href=\"http:\/\/www.alpenverein.at\" target=\"_blank\">Alpenverein \u00d6sterreich \u00d6AV<\/a><\/li>\n<li><a href=\"http:\/\/www.ffcam.fr\/\" target=\"_blank\">F\u00e9d\u00e9ration des clubs alpin et de montagne FFCAM<\/a><\/li>\n<li><a href=\"http:\/\/www.cai.it\/\" target=\"_blank\">Club Alpino Italiano CAI<\/a><\/li>\n<\/ul>\n<p><strong>Bergrettung \/ Medizin<\/strong><\/p>\n<p><a href=\"http:\/\/www.rega.ch\" target=\"_blank\">REGA<\/a><br \/>\n<a href=\"http:\/\/www.alpine-rescue.org\" target=\"_blank\">International Commission for Alpine Rescue<\/a><br \/>\n<a href=\"http:\/\/www.theuiaa.org\" target=\"_blank\">UIAA &#8211; International Climbing and Mountaineering Federation<\/a><\/p>\n<p><strong>Organisationen<\/strong><\/p>\n<p><a id=\"NeoWebPartManager1_wp1231658268_wp1386342885_dataList_hsurl_0\" href=\"http:\/\/www.graubuenden.ch\" target=\"_blank\">Graub\u00fcnden Ferien<\/a><br \/>\n<a id=\"NeoWebPartManager1_wp1231658268_wp1386342885_dataList_hsurl_1\" href=\"http:\/\/www.gr.ch\/DE\/institutionen\/verwaltung\/dvs\/awt\/ueberuns\/Seiten\/default.aspx\" target=\"_blank\">Amt f\u00fcr Wirtschaft und Tourismus Graub\u00fcnden<br \/>\n<\/a><a id=\"NeoWebPartManager1_wp1231658268_wp1386342885_dataList_hsurl_2\" href=\"http:\/\/www.gr.ch\/de\/institutionen\/verwaltung\/dvs\/awt\/dienstleistungen\/bergschneesportwesen\/Seiten\/Grundlagen.aspx\" target=\"_blank\">Berg- und Schneesportwesen AWT Graub\u00fcnden<\/a><br \/>\n<a id=\"NeoWebPartManager1_wp1231658268_wp1386342885_dataList_hsurl_3\" href=\"http:\/\/www.bbgr.ch\" target=\"_blank\">Bergbahnen Graub\u00fcnden<\/a><br \/>\n<a id=\"NeoWebPartManager1_wp1231658268_wp1386342885_dataList_hsurl_4\" href=\"http:\/\/seilbahnenschweiz.ch\" target=\"_blank\">Seilbahnen Schweiz<\/a><br \/>\n<a id=\"NeoWebPartManager1_wp1231658268_wp1386342885_dataList_hsurl_5\" href=\"http:\/\/www.gr.ch\/de\/institutionen\/verwaltung\/ekud\/avs\/dienstleistungen\/sport\/Seiten\/default.aspx\" target=\"_blank\">Sportamt Graub\u00fcnden<\/a><br \/>\n<a id=\"NeoWebPartManager1_wp1231658268_wp1386342885_dataList_hsurl_6\" href=\"http:\/\/www.jugendundsport.ch\" target=\"_blank\">Jugend+Sport<\/a><\/p>\n","protected":false},"excerpt":{"rendered":"<p>Bergf\u00fchrerverb\u00e4nde SBV Schweizer Bergf\u00fchrerverband BBV Berner Bergf\u00fchrerverband WBV Walliser Bergf\u00fchrerverband IVBV Internationale Vereinigung der Bergf\u00fchrerverb\u00e4nde Bergsteigervereine Schweizer Alpen-Club SAC Deutscher Alpenverein DAV Alpenverein \u00d6sterreich \u00d6AV F\u00e9d\u00e9ration des clubs alpin et de montagne FFCAM Club Alpino Italiano CAI Bergrettung \/ Medizin REGA International Commission for Alpine Rescue UIAA &#8211; International Climbing and Mountaineering Federation Organisationen Graub\u00fcnden [&hellip;]<\/p>\n","protected":false},"author":1,"featured_media":0,"parent":0,"menu_order":0,"comment_status":"closed","ping_status":"closed","template":"","meta":{"footnotes":""},"class_list":["post-17","page","type-page","status-publish","hentry"],"_links":{"self":[{"href":"https:\/\/gbfold.artesmedia.ch\/index.php?rest_route=\/wp\/v2\/pages\/17","targetHints":{"allow":["GET"]}}],"collection":[{"href":"https:\/\/gbfold.artesmedia.ch\/index.php?rest_route=\/wp\/v2\/pages"}],"about":[{"href":"https:\/\/gbfold.artesmedia.ch\/index.php?rest_route=\/wp\/v2\/types\/page"}],"author":[{"embeddable":true,"href":"https:\/\/gbfold.artesmedia.ch\/index.php?rest_route=\/wp\/v2\/users\/1"}],"replies":[{"embeddable":true,"href":"https:\/\/gbfold.artesmedia.ch\/index.php?rest_route=%2Fwp%2Fv2%2Fcomments&post=17"}],"version-history":[{"count":9,"href":"https:\/\/gbfold.artesmedia.ch\/index.php?rest_route=\/wp\/v2\/pages\/17\/revisions"}],"predecessor-version":[{"id":117,"href":"https:\/\/gbfold.artesmedia.ch\/index.php?rest_route=\/wp\/v2\/pages\/17\/revisions\/117"}],"wp:attachment":[{"href":"https:\/\/gbfold.artesmedia.ch\/index.php?rest_route=%2Fwp%2Fv2%2Fmedia&parent=17"}],"curies":[{"name":"wp","href":"https:\/\/api.w.org\/{rel}","templated":true}]}}